{"id":213,"date":"2019-02-18T15:43:45","date_gmt":"2019-02-18T14:43:45","guid":{"rendered":"https:\/\/www.archiviodiocesinapoli.it\/?page_id=213"},"modified":"2019-03-11T13:15:59","modified_gmt":"2019-03-11T12:15:59","slug":"i-registri-parrocchiali","status":"publish","type":"page","link":"https:\/\/www.archiviodiocesinapoli.it\/index.php\/i-registri-parrocchiali\/","title":{"rendered":"I Registri Parrocchiali"},"content":{"rendered":"<p>[et_pb_section bb_built=&#8221;1&#8243; fullwidth=&#8221;on&#8221; specialty=&#8221;off&#8221; background_color=&#8221;#b31848&#8243; _builder_version=&#8221;3.14&#8243; next_background_color=&#8221;#ffffff&#8221;][et_pb_fullwidth_post_title meta=&#8221;off&#8221; author=&#8221;off&#8221; featured_image=&#8221;off&#8221; text_color=&#8221;light&#8221; text_bg_color=&#8221;#e3641d&#8221; use_border_color=&#8221;off&#8221; parallax=&#8221;on&#8221; _builder_version=&#8221;3.14&#8243; title_line_height=&#8221;1.5em&#8221; background_color=&#8221;#b31848&#8243; \/][\/et_pb_section][et_pb_section bb_built=&#8221;1&#8243; prev_background_color=&#8221;#b31848&#8243;][et_pb_row][et_pb_column type=&#8221;4_4&#8243;][et_pb_text _builder_version=&#8221;3.14&#8243;]<\/p>\n<p>LA RICERCA GENEALOGICA<\/p>\n<p>Negli anni prima del 1866, i parroci erano coloro che registravano i battesimi, matrimoni, morti ed erano responsabili della conservazione dei relativi <strong>registri parrocchiali o libri canonici<\/strong>.<br \/>\nLo hanno fatto in modo sistematico e ininterrotto dalla seconda met\u00e0 del Cinquecento fino ad oggi, a seguito delle disposizioni del Concilio di Trento.<br \/>\nI registri parrocchiali delle circa 25.000 parrocchie italiane compilati dai parroci, sono tra i documenti pi\u00f9 importanti per ricostruire i nuclei familiari del passato.<\/p>\n<p style=\"text-align: center;\"><strong>Per il periodo prima del 1866 \u00e8 quindi necessario rivolgersi<\/strong><br \/>\n<strong> alla PARROCCHIADI BATTESIMO o a QUELLA DI RESIDENZA<\/strong><br \/>\n<strong> del proprio antenato per ottenere informazioni<\/strong><br \/>\n<strong> ed eventuali certificazioni.<\/strong><\/p>\n<p style=\"text-align: center;\">Dopo il 1810 i Comuni hanno creato l\u2019Anagrafe Comunale dei cittadini con tutte le informazioni sulla nascite, matrimoni, figli e morti. Ci si pu\u00f2 rivolgere al Comune, oppure alle fonti genealogiche presso l\u2019Archivio di Stato:<br \/>\n<a href=\"https:\/\/www.archiviodistatonapoli.it\" target=\"_blank\">www.archiviodistatonapoli.it<\/a><br \/>\nche per la citt\u00e0 di Napoli si trovano qui:<br \/>\n<a href=\"http:\/\/dl.antenati.san.beniculturali.it\/v\/Archivio+di+Stato+di+Napoli\/\" target=\"_blank\">dl.antenati.san.beniculturali.it<\/a><\/p>\n<p>Va tenuto conto che, in alcune diocesi, gli archivi parrocchiali pi\u00f9 antichi sono stati concentrati presso il locale Archivio Storico Diocesano.<br \/>\nPer le ricerche presso l\u2019Archivio Storico Diocesano di Napoli, <strong>non basta<\/strong> conoscere il Quartiere dove il nostro antenato \u00e8 stato battezzato o si \u00e8 sposato, <strong>ma \u00e8 necessario<\/strong> conoscere esattamente la Parrocchia, <strong>cos\u00ec come \u00e8 indispensabile conoscere l\u2019anno esatto<\/strong>, non un periodo generico di anni.<br \/>\nLe Parrocchie di Napoli che conservano i loro Registri presso questo Archivio Storico Diocesano <strong>non sono tutte quelle della citt\u00e0<\/strong>, ma solo queste:<\/p>\n<p>[\/et_pb_text][et_pb_text _builder_version=&#8221;3.14&#8243;]<\/p>\n<p style=\"text-align: center;\">I documenti delle seguenti Parrocchie sono presso l\u2019Archivio Storico Diocesano di Napoli:<\/p>\n<ol>\n<ul>\n<li>S. ARCANGELO ALL\u2019ARENA<\/li>\n<li>S. BIAGIO A MUGNANO<\/li>\n<li>S. CATERINA IN FORO MAGNO AL MERCATO<\/li>\n<li>S. ELIGIO MAGGIORE AL MERCATO<\/li>\n<li>S. GIACOMO DEGLI ITALIANI<\/li>\n<li>S. GIOVANNI IN PORTA S. GENNARO<\/li>\n<li>S. GIOVANNI MAGGIORE<\/li>\n<li>S. LIBORIO ALLA CARIT\u00c0<\/li>\n<li>S. MARIA A CANCELLO<\/li>\n<li>S. MARIA ASSUNTA &#8211; CATTEDRALE<\/li>\n<li>S. MARIA DEL POPOLO &#8211; OSPEDALE INCURABILI<\/li>\n<li>S. MARIA DELLE GRAZIE A MELITO<\/li>\n<li>S. MARIA IN COSMEDIN<\/li>\n<li>S. MARIA IN PIAZZA<\/li>\n<li>S. MARIA LA SCALA<\/li>\n<li>S. MARIA MAGGIORE<\/li>\n<li>S. TOMMASO A CAPUANA<\/li>\n<li>SANTO STRATO A POSILLIPO<\/li>\n<li>SS. GIUSEPPE E CRISTOFORO<\/li>\n<li>SS. PIETRO E PAOLO DEI GRECI<\/li>\n<li>S. ANNA NEL FORTE DEL CARMINE (PARROCCHIA MILITARE)<\/li>\n<li>S. ERASMO IN CASTEL S. ELMO (PARROCCHIA MILITARE)<\/li>\n<li>S. PATRIZIA (PARROCCHIA MILITARE)<\/li>\n<\/ul>\n<\/ol>\n<p>I documenti delle altre Parrocchie sono presso le stesse Parrocchie della citt\u00e0 o della Diocesi.<\/p>\n<p>[\/et_pb_text][\/et_pb_column][\/et_pb_row][\/et_pb_section]<\/p>\n","protected":false},"excerpt":{"rendered":"<p>[et_pb_section bb_built=&#8221;1&#8243; fullwidth=&#8221;on&#8221; specialty=&#8221;off&#8221; background_color=&#8221;#b31848&#8243; _builder_version=&#8221;3.14&#8243; next_background_color=&#8221;#ffffff&#8221;][et_pb_fullwidth_post_title meta=&#8221;off&#8221; author=&#8221;off&#8221; featured_image=&#8221;off&#8221; text_color=&#8221;light&#8221; text_bg_color=&#8221;#e3641d&#8221; use_border_color=&#8221;off&#8221; parallax=&#8221;on&#8221; _builder_version=&#8221;3.14&#8243; title_line_height=&#8221;1.5em&#8221; background_color=&#8221;#b31848&#8243; \/][\/et_pb_section][et_pb_section bb_built=&#8221;1&#8243; prev_background_color=&#8221;#b31848&#8243;][et_pb_row][et_pb_column type=&#8221;4_4&#8243;][et_pb_text _builder_version=&#8221;3.14&#8243;] LA RICERCA GENEALOGICA Negli anni prima del 1866, i parroci erano coloro che registravano i battesimi, matrimoni, morti ed erano responsabili della conservazione dei relativi registri parrocchiali o libri canonici. Lo hanno fatto [&hellip;]<\/p>\n","protected":false},"author":1,"featured_media":0,"parent":0,"menu_order":0,"comment_status":"closed","ping_status":"closed","template":"","meta":[],"_links":{"self":[{"href":"https:\/\/www.archiviodiocesinapoli.it\/index.php\/wp-json\/wp\/v2\/pages\/213"}],"collection":[{"href":"https:\/\/www.archiviodiocesinapoli.it\/index.php\/wp-json\/wp\/v2\/pages"}],"about":[{"href":"https:\/\/www.archiviodiocesinapoli.it\/index.php\/wp-json\/wp\/v2\/types\/page"}],"author":[{"embeddable":true,"href":"https:\/\/www.archiviodiocesinapoli.it\/index.php\/wp-json\/wp\/v2\/users\/1"}],"replies":[{"embeddable":true,"href":"https:\/\/www.archiviodiocesinapoli.it\/index.php\/wp-json\/wp\/v2\/comments?post=213"}],"version-history":[{"count":7,"href":"https:\/\/www.archiviodiocesinapoli.it\/index.php\/wp-json\/wp\/v2\/pages\/213\/revisions"}],"predecessor-version":[{"id":357,"href":"https:\/\/www.archiviodiocesinapoli.it\/index.php\/wp-json\/wp\/v2\/pages\/213\/revisions\/357"}],"wp:attachment":[{"href":"https:\/\/www.archiviodiocesinapoli.it\/index.php\/wp-json\/wp\/v2\/media?parent=213"}],"curies":[{"name":"wp","href":"https:\/\/api.w.org\/{rel}","templated":true}]}}