{"id":971,"date":"2020-09-10T12:32:42","date_gmt":"2020-09-10T10:32:42","guid":{"rendered":"https:\/\/www.archiviodiocesinapoli.it\/?page_id=971"},"modified":"2026-01-11T20:34:49","modified_gmt":"2026-01-11T19:34:49","slug":"prenotazione-sala-studio","status":"publish","type":"page","link":"https:\/\/www.archiviodiocesinapoli.it\/index.php\/prenotazione-sala-studio\/","title":{"rendered":"PRENOTAZIONE POSTO IN SALA STUDIO"},"content":{"rendered":"<p>per prenotarsi in tempo utile:<br \/>\nPer il luned\u00ec entro il gioved\u00ec mattina<br \/>\nPer il mercoled\u00ec, entro il luned\u00ec mattina<br \/>\nPer il venerd\u00ec entro mercoled\u00ec mattina<\/p>\n<p>ORARIO DI APERTURA:<br \/>\nLuned\u00ec e Mercoled\u00ec dalle ore 9,00 alle 15,00<br \/>\nVenerd\u00ec dalle ore 9,00 alle 13,00<\/p>\n<p>&nbsp;<\/p>\n<style>\r\n    .bookme-form-error,\r\n    .bookme-steps > li,\r\n    .bookme-steps > li.bookme-steps-is-active:before,\r\n    .bookme-modal a {\r\n        color: #B04B4B !important;\r\n    }\r\n\r\n    .bookme-booking-form .bookme-error,\r\n    .bookme-steps > li:before,\r\n    .bookme-steps > li.bookme-steps-is-active:before {\r\n        border-color: #B04B4B !important;\r\n    }\r\n\r\n    .bookme-button,\r\n    .bookme-booking-form .bookme-box-loader .bookme-loader:after,\r\n    .bookme-booking-form .bookme-calendar.bookme-loader:after,\r\n    .bookme-steps > li:before,\r\n    .bookme-steps > li:after{\r\n        background-color: #B04B4B !important;\r\n    }\r\n\r\n    .clndr .clndr-controls,\r\n    .clndr .clndr-table tr .day:hover,\r\n    .clndr .clndr-table tr .day.selected.event,\r\n    .clndr .clndr-table tr .next-month:hover,\r\n    .clndr .clndr-table tr .day.selected {\r\n        background-color: #B04B4B;\r\n    }\r\n\r\n    .bookme-button,\r\n    .bookme-steps > li:before{\r\n        color: #FFFFFF !important;\r\n    }\r\n\r\n    .clndr .clndr-controls .clndr-month,\r\n    .clndr .clndr-controls .clndr-control-button span,\r\n    .clndr .clndr-table tr .day:hover,\r\n    .clndr .clndr-table tr .day.selected.event,\r\n    .clndr .clndr-table tr .day.selected,\r\n    .clndr .clndr-table tr .day .selected .event .day-contents {\r\n        color: #FFFFFF;\r\n    }\r\n\r\n    .bookme-booking-form .bookme-loader:after {\r\n        background-color: #FFFFFF !important;\r\n    }\r\n    \r\n    .bookme-steps > li.bookme-steps-is-active:before {\r\n        background-color: transparent !important;\r\n    }\r\n<\/style>\r\n<div id=\"bookme-booking-form-69ded2d2ac1f8\" class=\"bookme-booking-form\" data-form_id=\"69ded2d2ac1f8\"><div class=\"bookme-box-loader\"><div class=\"bookme-loader\"><\/div><\/div><\/div>\r\n<script>\r\n    (function ($) {\r\n        window.bookme(\r\n            \"69ded2d2ac1f8\",\r\n            {\"category_id\":1,\"service_id\":1,\"staff_member_id\":0,\"hide_categories\":true,\"hide_services\":true,\"hide_staff_members\":true,\"show_number_of_persons\":false,\"show_service_duration\":false},\r\n            {\"service_left\":1},\r\n            {\"status\":\"new\"}        );\r\n    })(jQuery);\r\n<\/script>\n","protected":false},"excerpt":{"rendered":"<p>per prenotarsi in tempo utile: Per il luned\u00ec entro il gioved\u00ec mattina Per il mercoled\u00ec, entro il luned\u00ec mattina Per il venerd\u00ec entro mercoled\u00ec mattina ORARIO DI APERTURA: Luned\u00ec e Mercoled\u00ec dalle ore 9,00 alle 15,00 Venerd\u00ec dalle ore 9,00 alle 13,00 &nbsp;<\/p>\n","protected":false},"author":1,"featured_media":0,"parent":0,"menu_order":0,"comment_status":"closed","ping_status":"closed","template":"","meta":[],"_links":{"self":[{"href":"https:\/\/www.archiviodiocesinapoli.it\/index.php\/wp-json\/wp\/v2\/pages\/971"}],"collection":[{"href":"https:\/\/www.archiviodiocesinapoli.it\/index.php\/wp-json\/wp\/v2\/pages"}],"about":[{"href":"https:\/\/www.archiviodiocesinapoli.it\/index.php\/wp-json\/wp\/v2\/types\/page"}],"author":[{"embeddable":true,"href":"https:\/\/www.archiviodiocesinapoli.it\/index.php\/wp-json\/wp\/v2\/users\/1"}],"replies":[{"embeddable":true,"href":"https:\/\/www.archiviodiocesinapoli.it\/index.php\/wp-json\/wp\/v2\/comments?post=971"}],"version-history":[{"count":17,"href":"https:\/\/www.archiviodiocesinapoli.it\/index.php\/wp-json\/wp\/v2\/pages\/971\/revisions"}],"predecessor-version":[{"id":1764,"href":"https:\/\/www.archiviodiocesinapoli.it\/index.php\/wp-json\/wp\/v2\/pages\/971\/revisions\/1764"}],"wp:attachment":[{"href":"https:\/\/www.archiviodiocesinapoli.it\/index.php\/wp-json\/wp\/v2\/media?parent=971"}],"curies":[{"name":"wp","href":"https:\/\/api.w.org\/{rel}","templated":true}]}}